{"id":7284,"date":"2016-10-06T16:01:06","date_gmt":"2016-10-06T16:01:06","guid":{"rendered":"https:\/\/kouritsuservice.com.br\/site\/?page_id=7284"},"modified":"2017-11-29T14:41:18","modified_gmt":"2017-11-29T14:41:18","slug":"home-kouritsu","status":"publish","type":"page","link":"https:\/\/kouritsuservice.com.br\/site\/","title":{"rendered":"Home"},"content":{"rendered":"<div class=\"wpb-content-wrapper\">[vc_row full_width=&#8221;stretch_row_content_no_spaces&#8221;][vc_column][rev_slider_vc alias=&#8221;kouritsu-home&#8221;][\/vc_column][\/vc_row][vc_row panchor=&#8221;Yes&#8221;][vc_column][titlesimple title=&#8221;Kouritsu Service&#8221; after_title=&#8221;Um novo conceito&#8221; css_animation=&#8221;scrollreveal&#8221;]Mas com os mesmo valores!<br \/>\nConhe\u00e7a as nossas solu\u00e7\u00f5es e surpreenda-se![\/titlesimple][\/vc_column][\/vc_row][vc_row ppadding=&#8221;vc_row-padding-bottom&#8221;][vc_column width=&#8221;1\/3&#8243;][box_icon_step title=&#8221;Help Desk &amp; Suporte&#8221; icon=&#8221;icon-screen-desktop&#8221; step=&#8221;1&#8243; css_animation=&#8221;bounceIn&#8221; wow_duration=&#8221;1&#8243; wow_delay=&#8221;0&#8243;]\n<div class=\"tp-parallax-wrap\">\n<div class=\"tp-loop-wrap\">\n<p class=\"tp-mask-wrap\">A kouritsu vai atender sua Empresa conforme a sua demanda, evitando danos, atrasos e paralisa\u00e7\u00f5es!<\/p>\n<p class=\"tp-mask-wrap\">Deseja solicitar algum servi\u00e7o, tirar d\u00favidas, registrar problemas ou reclama\u00e7\u00e3o?<\/p>\n<\/div>\n<\/div>\n[\/box_icon_step][\/vc_column][vc_column width=&#8221;1\/3&#8243;][box_icon_step title=&#8221;Manuten\u00e7\u00e3o Preventiva&#8221; icon=&#8221;icon-bar-chart&#8221; step=&#8221;2&#8243; css_animation=&#8221;bounceIn&#8221; wow_duration=&#8221;1&#8243; wow_delay=&#8221;0.5&#8243;]A manuten\u00e7\u00e3o preventiva tr\u00e1s economia para quem a utiliza, pois evita danos maiores aos equipamento.<\/p>\n<p>E se levarmos em conta as paralisa\u00e7\u00f5es desnecess\u00e1rias e n\u00e3o programadas que podem acarretar em in\u00fameros transtornos e preju\u00edzos, ela se torna ainda mais vantajosa.[\/box_icon_step][\/vc_column][vc_column width=&#8221;1\/3&#8243;][box_icon_step title=&#8221;Manuten\u00e7\u00e3o corretiva&#8221; icon=&#8221;icon-flag&#8221; step=&#8221;3&#8243; css_animation=&#8221;bounceIn&#8221; wow_duration=&#8221;1&#8243; wow_delay=&#8221;1&#8243;]Realmente, este n\u00e3o \u00e9 o melhor dos cen\u00e1rios, mas ele ocorre!<\/p>\n<p>E n\u00f3s solucionaremos seu problema\u00a0de forma r\u00e1pida e eficiente![\/box_icon_step][\/vc_column][\/vc_row][vc_row ppadding=&#8221;vc_row-padding-bottom&#8221;][vc_column width=&#8221;1\/3&#8243;][box_icon_step title=&#8221;Orienta\u00e7\u00e3o de Fornecedores de Pe\u00e7as de Reposi\u00e7\u00e3o&#8221; icon=&#8221;icon-screen-desktop&#8221; step=&#8221;4&#8243; css_animation=&#8221;bounceIn&#8221; wow_duration=&#8221;1&#8243; wow_delay=&#8221;0&#8243;]\n<div class=\"tp-parallax-wrap\">\n<div class=\"tp-loop-wrap\">\n<p class=\"tp-mask-wrap\">A kouritsu vai atender sua Empresa conforme a sua demanda, evitando danos, atrasos e paralisa\u00e7\u00f5es!<\/p>\n<p class=\"tp-mask-wrap\">Deseja solicitar algum servi\u00e7o, tirar d\u00favidas, registrar problemas ou reclama\u00e7\u00e3o?<\/p>\n<\/div>\n<\/div>\n[\/box_icon_step][\/vc_column][vc_column width=&#8221;1\/3&#8243;][box_icon_step title=&#8221;Treinamentos&#8221; icon=&#8221;icon-bar-chart&#8221; step=&#8221;5&#8243; css_animation=&#8221;bounceIn&#8221; wow_duration=&#8221;1&#8243; wow_delay=&#8221;0.5&#8243;]A manuten\u00e7\u00e3o preventiva tr\u00e1s economia para quem a utiliza, pois evita danos maiores aos equipamento.<\/p>\n<p>E se levarmos em conta as paralisa\u00e7\u00f5es desnecess\u00e1rias e n\u00e3o programadas que podem acarretar em in\u00fameros transtornos e preju\u00edzos, ela se torna ainda mais vantajosa.[\/box_icon_step][\/vc_column][vc_column width=&#8221;1\/3&#8243;][box_icon_step title=&#8221;Instala\u00e7\u00e3o e Suporte de Softwares&#8221; icon=&#8221;icon-flag&#8221; step=&#8221;6&#8243; css_animation=&#8221;bounceIn&#8221; wow_duration=&#8221;1&#8243; wow_delay=&#8221;1&#8243;]Realmente, este n\u00e3o \u00e9 o melhor dos cen\u00e1rios, mas ele ocorre!<\/p>\n<p>E n\u00f3s solucionaremos seu problema\u00a0de forma r\u00e1pida e eficiente![\/box_icon_step][\/vc_column][\/vc_row][vc_row panchor=&#8221;Yes&#8221; ppadding=&#8221;vc_row-padding-both&#8221; el_id=&#8221;home-gallery&#8221; css=&#8221;.vc_custom_1511966454869{margin-top: -70px !important;margin-right: -70px !important;margin-bottom: -70px !important;margin-left: -70px !important;background-position: center !important;background-repeat: no-repeat !important;background-size: cover !important;}&#8221;][vc_column][titlesimple title=&#8221;Linha WET&#8221; after_title=&#8221;Confira alguns dos equipamentos!&#8221;]Confira alguns dos equipamentos para os quais prestamos servi\u00e7o de Manuten\u00e7\u00e3o Preventiva, Manuten\u00e7\u00e3o Corretiva, Help Desk e Suporte t\u00e9cnico![\/titlesimple][\/vc_column][\/vc_row][vc_row full_width=&#8221;stretch_row_content&#8221; disable_element=&#8221;yes&#8221; ppadding=&#8221;vc_row-padding-bottom&#8221; css=&#8221;.vc_custom_1511966473293{margin-top: -85px !important;margin-right: -85px !important;margin-bottom: -85px !important;margin-left: -85px !important;background-position: center !important;background-repeat: no-repeat !important;background-size: cover !important;border-radius: 3px !important;}&#8221;][vc_column ptextcolor=&#8221;Black&#8221; css=&#8221;.vc_custom_1475895654614{background-color: #efefef !important;border-radius: 3px !important;}&#8221;][section_portfolio cats=&#8221;258,260,259,261,262,263,264,265&#8243; filter=&#8221;0&#8243; perrow=&#8221;2xy&#8221; css_animation=&#8221;bounceInUp&#8221; wow_duration=&#8221;4&#8243;][\/vc_column][\/vc_row][vc_row][vc_column][vc_empty_space height=&#8221;50px&#8221;][\/vc_column][\/vc_row][vc_row full_width=&#8221;stretch_row&#8221; panchor=&#8221;Yes&#8221; css=&#8221;.vc_custom_1476396380221{margin-top: -80px !important;}&#8221; el_id=&#8221;home-missao&#8221;][vc_column el_class=&#8221;#home-missao&#8221;][vc_empty_space][titlesimple title=&#8221;Miss\u00e3o&#8221; after_title=&#8221;Minimizar desgastes de pe\u00e7as &#8211; Diminuir Custos &#8211; Satisfazer Clientes&#8221;]\n<p style=\"text-align: center;\">Oferecer Solu\u00e7\u00f5es T\u00e9cnicas de qualidade, suporte t\u00e9cnico avan\u00e7ado e qualificado de fora id\u00f4nea.<\/p>\n<p style=\"text-align: center;\">Atrav\u00e9s de Contratos de Manuten\u00e7\u00e3o Preventiva, Manuten\u00e7\u00f5es corretivas e Reparos, visamos suprir todas as necessidades de nossos Clientes e Parceiros, trabalhando e prosperando em conjunto.<\/p>\n[\/titlesimple][\/vc_column][\/vc_row][vc_row panchor=&#8221;Yes&#8221; css=&#8221;.vc_custom_1476631861393{margin-top: -80px !important;}&#8221; el_id=&#8221;home-linha-dry&#8221;][vc_column el_class=&#8221;#home-missao&#8221;][vc_empty_space][titlesimple title=&#8221;Linha DRY&#8221; after_title=&#8221;Atendimento especializado, em qualquer equipamento&#8221;][\/titlesimple][vc_empty_space][\/vc_column][\/vc_row][vc_row full_width=&#8221;stretch_row&#8221; panchor=&#8221;Yes&#8221; css=&#8221;.vc_custom_1476396380221{margin-top: -80px !important;}&#8221;][vc_column width=&#8221;1\/4&#8243;][vc_column_text css_animation=&#8221;appear&#8221;]\n<p style=\"text-align: justify;\"><img loading=\"lazy\" decoding=\"async\" class=\"wp-image-7490 aligncenter\" src=\"https:\/\/kouritsuservice.com.br\/site\/wp-content\/uploads\/2016\/12\/D703-Kouritsu-Service-600x400.png\" width=\"280\" height=\"187\" srcset=\"https:\/\/kouritsuservice.com.br\/site\/wp-content\/uploads\/2016\/12\/D703-Kouritsu-Service-600x400.png 600w, https:\/\/kouritsuservice.com.br\/site\/wp-content\/uploads\/2016\/12\/D703-Kouritsu-Service-600x400-300x200.png 300w\" sizes=\"auto, (max-width: 280px) 100vw, 280px\" \/><\/p>\n<h2 style=\"text-align: center;\">Minilab<\/h2>\n<h2 style=\"text-align: center;\">Modelo D703<\/h2>\n[\/vc_column_text][\/vc_column][vc_column width=&#8221;1\/4&#8243; el_class=&#8221;#home-missao&#8221;][vc_column_text css_animation=&#8221;appear&#8221;]\n<p style=\"text-align: justify;\"><img loading=\"lazy\" decoding=\"async\" class=\"wp-image-7491 aligncenter\" src=\"https:\/\/kouritsuservice.com.br\/site\/wp-content\/uploads\/2016\/12\/D1005-Kouritsu-Service-600x400.png\" width=\"280\" height=\"187\" srcset=\"https:\/\/kouritsuservice.com.br\/site\/wp-content\/uploads\/2016\/12\/D1005-Kouritsu-Service-600x400.png 600w, https:\/\/kouritsuservice.com.br\/site\/wp-content\/uploads\/2016\/12\/D1005-Kouritsu-Service-600x400-300x200.png 300w\" sizes=\"auto, (max-width: 280px) 100vw, 280px\" \/><\/p>\n<h2 style=\"text-align: center;\">Minilab<\/h2>\n<h2 style=\"text-align: center;\">Modelo D1005<\/h2>\n[\/vc_column_text][\/vc_column][vc_column width=&#8221;1\/4&#8243;][vc_column_text css_animation=&#8221;appear&#8221;]\n<p style=\"text-align: center;\"><img loading=\"lazy\" decoding=\"async\" class=\"aligncenter wp-image-7419\" src=\"https:\/\/kouritsuservice.com.br\/site\/wp-content\/uploads\/2016\/10\/QSSGREEN-Kouritsu-Service.png\" alt=\"qssgreen-kouritsu-service\" width=\"280\" height=\"187\" srcset=\"https:\/\/kouritsuservice.com.br\/site\/wp-content\/uploads\/2016\/10\/QSSGREEN-Kouritsu-Service.png 600w, https:\/\/kouritsuservice.com.br\/site\/wp-content\/uploads\/2016\/10\/QSSGREEN-Kouritsu-Service-300x200.png 300w\" sizes=\"auto, (max-width: 280px) 100vw, 280px\" \/><\/p>\n<h2 style=\"text-align: center;\">Minilab<\/h2>\n<h2 style=\"text-align: center;\">Modelo QSS-Green<\/h2>\n[\/vc_column_text][\/vc_column][vc_column width=&#8221;1\/4&#8243;][vc_column_text css_animation=&#8221;appear&#8221;]\n<p style=\"text-align: justify;\"><img loading=\"lazy\" decoding=\"async\" class=\"aligncenter wp-image-7421\" src=\"https:\/\/kouritsuservice.com.br\/site\/wp-content\/uploads\/2016\/10\/qssgreenII.png\" alt=\"qssgreenii\" width=\"280\" height=\"187\" srcset=\"https:\/\/kouritsuservice.com.br\/site\/wp-content\/uploads\/2016\/10\/qssgreenII.png 600w, https:\/\/kouritsuservice.com.br\/site\/wp-content\/uploads\/2016\/10\/qssgreenII-300x200.png 300w\" sizes=\"auto, (max-width: 280px) 100vw, 280px\" \/><\/p>\n<h2 style=\"text-align: center;\">Minilab<\/h2>\n<h2 style=\"text-align: center;\">Modelo QSS Green III<\/h2>\n[\/vc_column_text][\/vc_column][\/vc_row][vc_row full_width=&#8221;stretch_row&#8221; panchor=&#8221;Yes&#8221; css=&#8221;.vc_custom_1476396380221{margin-top: -80px !important;}&#8221;][vc_column el_class=&#8221;#home-missao&#8221;][vc_empty_space][vc_empty_space][\/vc_column][\/vc_row][vc_row][vc_column][vc_empty_space height=&#8221;50px&#8221;][\/vc_column][\/vc_row][vc_row panchor=&#8221;Yes&#8221; css=&#8221;.vc_custom_1476397303917{margin-top: -80px !important;}&#8221; el_id=&#8221;home-outros-servicos&#8221;][vc_column][vc_empty_space height=&#8221;50px&#8221;][titlesimple title=&#8221;Outros Servi\u00e7os&#8221; after_title=&#8221;Conhe\u00e7a nossas outras habilidades!&#8221;][\/titlesimple][vc_empty_space][\/vc_column][\/vc_row][vc_row css=&#8221;.vc_custom_1458902283150{margin-top: -80px !important;}&#8221;][vc_column width=&#8221;1\/3&#8243;][block_info_icon title=&#8221;Laser&#8221; icon_fontawesome=&#8221;fa fa-bolt&#8221; btn_text=&#8221;Saiba +&#8221; css_animation=&#8221;bounceInLeft&#8221; wow_duration=&#8221;7&#8243;]<span style=\"color: #e30613;\">Recondicionamento de Laser<\/span>[\/block_info_icon][\/vc_column][vc_column width=&#8221;1\/3&#8243;][block_info_icon title=&#8221;Instala\u00e7\u00f5es&#8221; icon_fontawesome=&#8221;fa fa-wrench&#8221; btn_text=&#8221;Saiba +&#8221; css_animation=&#8221;bounceInDown&#8221; wow_duration=&#8221;7&#8243;]<span style=\"color: #e30613;\">Equipamentos novos e usados<\/span>[\/block_info_icon][\/vc_column][vc_column width=&#8221;1\/3&#8243;][block_info_icon title=&#8221;Orienta\u00e7\u00f5es&#8221; icon_fontawesome=&#8221;fa fa-users&#8221; btn_text=&#8221;Saiba +&#8221; css_animation=&#8221;bounceInRight&#8221; wow_duration=&#8221;7&#8243;]<span style=\"color: #e30613;\">Sobre insumos Kodak<\/span>[\/block_info_icon][\/vc_column][\/vc_row]\n<\/div>","protected":false},"excerpt":{"rendered":"<p>[vc_row full_width=&#8221;stretch_row_content_no_spaces&#8221;][vc_column][rev_slider_vc alias=&#8221;kouritsu-home&#8221;][\/vc_column][\/vc_row][vc_row panchor=&#8221;Yes&#8221;][vc_column][titlesimple title=&#8221;Kouritsu Service&#8221; after_title=&#8221;Um novo conceito&#8221; css_animation=&#8221;scrollreveal&#8221;]Mas com os mesmo valores! Conhe\u00e7a as nossas solu\u00e7\u00f5es e surpreenda-se![\/titlesimple][\/vc_column][\/vc_row][vc_row ppadding=&#8221;vc_row-padding-bottom&#8221;][vc_column width=&#8221;1\/3&#8243;][box_icon_step title=&#8221;Help Desk &amp; Suporte&#8221; icon=&#8221;icon-screen-desktop&#8221; step=&#8221;1&#8243; css_animation=&#8221;bounceIn&#8221; wow_duration=&#8221;1&#8243; wow_delay=&#8221;0&#8243;] A kouritsu vai atender sua Empresa conforme a sua demanda, evitando danos, atrasos e paralisa\u00e7\u00f5es! Deseja solicitar algum servi\u00e7o, tirar d\u00favidas, registrar problemas ou [&hellip;]<\/p>\n","protected":false},"author":1,"featured_media":0,"parent":0,"menu_order":0,"comment_status":"closed","ping_status":"closed","template":"","meta":{"inline_featured_image":false,"footnotes":""},"class_list":["post-7284","page","type-page","status-publish","hentry"],"_links":{"self":[{"href":"https:\/\/kouritsuservice.com.br\/site\/wp-json\/wp\/v2\/pages\/7284","targetHints":{"allow":["GET"]}}],"collection":[{"href":"https:\/\/kouritsuservice.com.br\/site\/wp-json\/wp\/v2\/pages"}],"about":[{"href":"https:\/\/kouritsuservice.com.br\/site\/wp-json\/wp\/v2\/types\/page"}],"author":[{"embeddable":true,"href":"https:\/\/kouritsuservice.com.br\/site\/wp-json\/wp\/v2\/users\/1"}],"replies":[{"embeddable":true,"href":"https:\/\/kouritsuservice.com.br\/site\/wp-json\/wp\/v2\/comments?post=7284"}],"version-history":[{"count":112,"href":"https:\/\/kouritsuservice.com.br\/site\/wp-json\/wp\/v2\/pages\/7284\/revisions"}],"predecessor-version":[{"id":7528,"href":"https:\/\/kouritsuservice.com.br\/site\/wp-json\/wp\/v2\/pages\/7284\/revisions\/7528"}],"wp:attachment":[{"href":"https:\/\/kouritsuservice.com.br\/site\/wp-json\/wp\/v2\/media?parent=7284"}],"curies":[{"name":"wp","href":"https:\/\/api.w.org\/{rel}","templated":true}]}}